{"id":14379,"date":"2018-07-13T14:20:23","date_gmt":"2018-07-13T18:20:23","guid":{"rendered":"https:\/\/www.utgdm.com\/?page_id=14379"},"modified":"2018-07-13T14:29:58","modified_gmt":"2018-07-13T18:29:58","slug":"notre-equipe","status":"publish","type":"page","link":"https:\/\/www.utgdm.com\/fr\/a-propos\/notre-equipe\/","title":{"rendered":"Notre \u00e9quipe"},"content":{"rendered":"\t\t<div data-elementor-type=\"wp-post\" data-elementor-id=\"14379\" class=\"elementor elementor-14379 elementor-2299 elementor-bc-flex-widget\" data-elementor-post-type=\"page\">\n\t\t\t\t\t\t<section class=\"elementor-section elementor-top-section elementor-element elementor-element-04b925d elementor-section-boxed elementor-section-height-default elementor-section-height-default\" data-id=\"04b925d\" data-element_type=\"section\" data-e-type=\"section\">\n\t\t\t\t\t\t<div class=\"elementor-container elementor-column-gap-default\">\n\t\t\t\t\t<div class=\"elementor-column elementor-col-50 elementor-top-column elementor-element elementor-element-9d87bad elementor-invisible\" data-id=\"9d87bad\" data-element_type=\"column\" data-e-type=\"column\" data-settings=\"{&quot;animation&quot;:&quot;fadeIn&quot;}\">\n\t\t\t<div class=\"elementor-widget-wrap elementor-element-populated\">\n\t\t\t\t\t\t<div class=\"elementor-element elementor-element-2c5fdcb elementor-position-left elementor-vertical-align-top elementor-widget elementor-widget-image-box\" data-id=\"2c5fdcb\" data-element_type=\"widget\" data-e-type=\"widget\" data-widget_type=\"image-box.default\">\n\t\t\t\t<div class=\"elementor-widget-container\">\n\t\t\t\t\t<div class=\"elementor-image-box-wrapper\"><figure class=\"elementor-image-box-img\"><img fetchpriority=\"high\" decoding=\"async\" width=\"400\" height=\"400\" src=\"https:\/\/www.utgdm.com\/wp-content\/uploads\/2016\/12\/Alan-1.png\" class=\"attachment-full size-full wp-image-4619\" alt=\"\" srcset=\"https:\/\/www.utgdm.com\/wp-content\/uploads\/2016\/12\/Alan-1.png 400w, https:\/\/www.utgdm.com\/wp-content\/uploads\/2016\/12\/Alan-1-200x200.png 200w, https:\/\/www.utgdm.com\/wp-content\/uploads\/2016\/12\/Alan-1-100x100.png 100w, https:\/\/www.utgdm.com\/wp-content\/uploads\/2016\/12\/Alan-1-150x150.png 150w, https:\/\/www.utgdm.com\/wp-content\/uploads\/2016\/12\/Alan-1-300x300.png 300w\" sizes=\"(max-width: 400px) 100vw, 400px\" \/><\/figure><div class=\"elementor-image-box-content\"><h3 class=\"elementor-image-box-title\">Alan Wehbe<\/h3><p class=\"elementor-image-box-description\"><strong>Fondateur et PDG<\/strong><br><br>\nAlan est un entrepreneur passionn\u00e9 et le \u00ab cerveau \u00bb de la conception et la fabrication des enfiches num\u00e9riques, offrant des solutions uniques pour chaque projet.  Rien n'est trop compliqu\u00e9 pour Alan. <\/p><\/div><\/div>\t\t\t\t<\/div>\n\t\t\t\t<\/div>\n\t\t\t\t\t<\/div>\n\t\t<\/div>\n\t\t\t\t<div class=\"elementor-column elementor-col-50 elementor-top-column elementor-element elementor-element-35b7ca2 animated-slow elementor-invisible\" data-id=\"35b7ca2\" data-element_type=\"column\" data-e-type=\"column\" data-settings=\"{&quot;animation&quot;:&quot;fadeIn&quot;}\">\n\t\t\t<div class=\"elementor-widget-wrap elementor-element-populated\">\n\t\t\t\t\t\t<div class=\"elementor-element elementor-element-8062216 elementor-position-left elementor-vertical-align-top elementor-widget elementor-widget-image-box\" data-id=\"8062216\" data-element_type=\"widget\" data-e-type=\"widget\" data-widget_type=\"image-box.default\">\n\t\t\t\t<div class=\"elementor-widget-container\">\n\t\t\t\t\t<div class=\"elementor-image-box-wrapper\"><figure class=\"elementor-image-box-img\"><img decoding=\"async\" src=\"https:\/\/www.utgdm.com\/wp-content\/uploads\/2018\/05\/taily.jpg\" title=\"\" alt=\"\" loading=\"lazy\" \/><\/figure><div class=\"elementor-image-box-content\"><h3 class=\"elementor-image-box-title\">Taily Barron<\/h3><p class=\"elementor-image-box-description\"><strong>R\u00e9ceptionniste<\/strong><br><br>\nTaily est le point de contact pour notre \u00e9quipe. Avec son professionnalisme et sa convivialit\u00e9, elle assure une efficacit\u00e9 qui nous permet de mieux servir nos clients.<\/p><\/div><\/div>\t\t\t\t<\/div>\n\t\t\t\t<\/div>\n\t\t\t\t\t<\/div>\n\t\t<\/div>\n\t\t\t\t\t<\/div>\n\t\t<\/section>\n\t\t\t\t<section class=\"elementor-section elementor-top-section elementor-element elementor-element-4e70581 elementor-section-boxed elementor-section-height-default elementor-section-height-default\" data-id=\"4e70581\" data-element_type=\"section\" data-e-type=\"section\" data-settings=\"{&quot;background_background&quot;:&quot;classic&quot;}\">\n\t\t\t\t\t\t<div class=\"elementor-container elementor-column-gap-default\">\n\t\t\t\t\t<div class=\"elementor-column elementor-col-50 elementor-top-column elementor-element elementor-element-ec96be5 elementor-invisible\" data-id=\"ec96be5\" data-element_type=\"column\" data-e-type=\"column\" data-settings=\"{&quot;animation&quot;:&quot;fadeIn&quot;}\">\n\t\t\t<div class=\"elementor-widget-wrap elementor-element-populated\">\n\t\t\t\t\t\t<div class=\"elementor-element elementor-element-c40f5f3 elementor-position-left elementor-vertical-align-top elementor-widget elementor-widget-image-box\" data-id=\"c40f5f3\" data-element_type=\"widget\" data-e-type=\"widget\" data-widget_type=\"image-box.default\">\n\t\t\t\t<div class=\"elementor-widget-container\">\n\t\t\t\t\t<div class=\"elementor-image-box-wrapper\"><figure class=\"elementor-image-box-img\"><img decoding=\"async\" width=\"1250\" height=\"1250\" src=\"https:\/\/www.utgdm.com\/wp-content\/uploads\/2018\/06\/Host-02.png\" class=\"attachment-full size-full wp-image-13019\" alt=\"\" srcset=\"https:\/\/www.utgdm.com\/wp-content\/uploads\/2018\/06\/Host-02.png 1250w, https:\/\/www.utgdm.com\/wp-content\/uploads\/2018\/06\/Host-02-200x200.png 200w, https:\/\/www.utgdm.com\/wp-content\/uploads\/2018\/06\/Host-02-450x450.png 450w, https:\/\/www.utgdm.com\/wp-content\/uploads\/2018\/06\/Host-02-100x100.png 100w, https:\/\/www.utgdm.com\/wp-content\/uploads\/2018\/06\/Host-02-150x150.png 150w, https:\/\/www.utgdm.com\/wp-content\/uploads\/2018\/06\/Host-02-300x300.png 300w, https:\/\/www.utgdm.com\/wp-content\/uploads\/2018\/06\/Host-02-768x768.png 768w, https:\/\/www.utgdm.com\/wp-content\/uploads\/2018\/06\/Host-02-1024x1024.png 1024w\" sizes=\"(max-width: 1250px) 100vw, 1250px\" \/><\/figure><div class=\"elementor-image-box-content\"><h3 class=\"elementor-image-box-title\">Mike Azar<\/h3><p class=\"elementor-image-box-description\"><strong>Service des ventes<\/strong><br><br>\n<\/p><\/div><\/div>\t\t\t\t<\/div>\n\t\t\t\t<\/div>\n\t\t\t\t\t<\/div>\n\t\t<\/div>\n\t\t\t\t<div class=\"elementor-column elementor-col-50 elementor-top-column elementor-element elementor-element-838785b elementor-invisible\" data-id=\"838785b\" data-element_type=\"column\" data-e-type=\"column\" data-settings=\"{&quot;animation&quot;:&quot;fadeIn&quot;}\">\n\t\t\t<div class=\"elementor-widget-wrap elementor-element-populated\">\n\t\t\t\t\t\t<div class=\"elementor-element elementor-element-490eb74 elementor-position-left elementor-vertical-align-top elementor-widget elementor-widget-image-box\" data-id=\"490eb74\" data-element_type=\"widget\" data-e-type=\"widget\" data-widget_type=\"image-box.default\">\n\t\t\t\t<div class=\"elementor-widget-container\">\n\t\t\t\t\t<div class=\"elementor-image-box-wrapper\"><figure class=\"elementor-image-box-img\"><img decoding=\"async\" width=\"1250\" height=\"1250\" src=\"https:\/\/www.utgdm.com\/wp-content\/uploads\/2018\/06\/Host-02.png\" class=\"attachment-full size-full wp-image-13019\" alt=\"\" srcset=\"https:\/\/www.utgdm.com\/wp-content\/uploads\/2018\/06\/Host-02.png 1250w, https:\/\/www.utgdm.com\/wp-content\/uploads\/2018\/06\/Host-02-200x200.png 200w, https:\/\/www.utgdm.com\/wp-content\/uploads\/2018\/06\/Host-02-450x450.png 450w, https:\/\/www.utgdm.com\/wp-content\/uploads\/2018\/06\/Host-02-100x100.png 100w, https:\/\/www.utgdm.com\/wp-content\/uploads\/2018\/06\/Host-02-150x150.png 150w, https:\/\/www.utgdm.com\/wp-content\/uploads\/2018\/06\/Host-02-300x300.png 300w, https:\/\/www.utgdm.com\/wp-content\/uploads\/2018\/06\/Host-02-768x768.png 768w, https:\/\/www.utgdm.com\/wp-content\/uploads\/2018\/06\/Host-02-1024x1024.png 1024w\" sizes=\"(max-width: 1250px) 100vw, 1250px\" \/><\/figure><div class=\"elementor-image-box-content\"><h3 class=\"elementor-image-box-title\">Jean Badr<\/h3><p class=\"elementor-image-box-description\"><strong>Installation<\/strong><br><br>\n<\/p><\/div><\/div>\t\t\t\t<\/div>\n\t\t\t\t<\/div>\n\t\t\t\t\t<\/div>\n\t\t<\/div>\n\t\t\t\t\t<\/div>\n\t\t<\/section>\n\t\t\t\t<section class=\"elementor-section elementor-top-section elementor-element elementor-element-07f5d4a elementor-section-boxed elementor-section-height-default elementor-section-height-default\" data-id=\"07f5d4a\" data-element_type=\"section\" data-e-type=\"section\">\n\t\t\t\t\t\t<div class=\"elementor-container elementor-column-gap-wide\">\n\t\t\t\t\t<div class=\"elementor-column elementor-col-50 elementor-top-column elementor-element elementor-element-b8b5ccc elementor-invisible\" data-id=\"b8b5ccc\" data-element_type=\"column\" data-e-type=\"column\" data-settings=\"{&quot;animation&quot;:&quot;fadeIn&quot;}\">\n\t\t\t<div class=\"elementor-widget-wrap elementor-element-populated\">\n\t\t\t\t\t\t<div class=\"elementor-element elementor-element-7fc7ce5 elementor-position-left elementor-vertical-align-top elementor-widget elementor-widget-image-box\" data-id=\"7fc7ce5\" data-element_type=\"widget\" data-e-type=\"widget\" data-widget_type=\"image-box.default\">\n\t\t\t\t<div class=\"elementor-widget-container\">\n\t\t\t\t\t<div class=\"elementor-image-box-wrapper\"><figure class=\"elementor-image-box-img\"><img decoding=\"async\" src=\"https:\/\/www.utgdm.com\/wp-content\/uploads\/2016\/12\/AntonWeb.jpg\" title=\"\" alt=\"\" loading=\"lazy\" \/><\/figure><div class=\"elementor-image-box-content\"><h3 class=\"elementor-image-box-title\">Anton Voytenko<\/h3><p class=\"elementor-image-box-description\"><strong>Concepteur graphique et m\u00e9diatique<\/strong><br><br>\nAnton est le cr\u00e9ateur des concepts visuels et cr\u00e9atifs qui informent et captivent nos clients. Mis \u00e0 part son talent en mati\u00e8re de conception, Anton apporte \u00e0 UTG des qualit\u00e9s n\u00e9cessaires pour l'industrie num\u00e9rique.<\/p><\/div><\/div>\t\t\t\t<\/div>\n\t\t\t\t<\/div>\n\t\t\t\t\t<\/div>\n\t\t<\/div>\n\t\t\t\t<div class=\"elementor-column elementor-col-50 elementor-top-column elementor-element elementor-element-8d50eb8\" data-id=\"8d50eb8\" data-element_type=\"column\" data-e-type=\"column\">\n\t\t\t<div class=\"elementor-widget-wrap\">\n\t\t\t\t\t\t\t<\/div>\n\t\t<\/div>\n\t\t\t\t\t<\/div>\n\t\t<\/section>\n\t\t\t\t<\/div>\n\t\t","protected":false},"excerpt":{"rendered":"<p>Alan Wehbe Fondateur et PDG Alan est un entrepreneur passionn\u00e9 et le \u00ab cerveau \u00bb de la conception et la fabrication des enfiches num\u00e9riques, offrant des solutions uniques pour chaque projet. Rien n&rsquo;est trop compliqu\u00e9 pour Alan. Taily Barron R\u00e9ceptionniste Taily est le point de contact pour notre \u00e9quipe. Avec son professionnalisme et sa convivialit\u00e9, [&hellip;]<\/p>\n","protected":false},"author":1,"featured_media":0,"parent":14930,"menu_order":77,"comment_status":"closed","ping_status":"closed","template":"","meta":{"ocean_post_layout":"full-screen","ocean_both_sidebars_style":"","ocean_both_sidebars_content_width":0,"ocean_both_sidebars_sidebars_width":0,"ocean_sidebar":"0","ocean_second_sidebar":"0","ocean_disable_margins":"enable","ocean_add_body_class":"","ocean_shortcode_before_top_bar":"","ocean_shortcode_after_top_bar":"","ocean_shortcode_before_header":"","ocean_shortcode_after_header":"","ocean_has_shortcode":"","ocean_shortcode_after_title":"","ocean_shortcode_before_footer_widgets":"","ocean_shortcode_after_footer_widgets":"","ocean_shortcode_before_footer_bottom":"","ocean_shortcode_after_footer_bottom":"","ocean_display_top_bar":"default","ocean_display_header":"default","ocean_header_style":"","ocean_center_header_left_menu":"0","ocean_custom_header_template":"0","ocean_custom_logo":0,"ocean_custom_retina_logo":0,"ocean_custom_logo_max_width":0,"ocean_custom_logo_tablet_max_width":0,"ocean_custom_logo_mobile_max_width":0,"ocean_custom_logo_max_height":0,"ocean_custom_logo_tablet_max_height":0,"ocean_custom_logo_mobile_max_height":0,"ocean_header_custom_menu":"0","ocean_menu_typo_font_family":"0","ocean_menu_typo_font_subset":"","ocean_menu_typo_font_size":0,"ocean_menu_typo_font_size_tablet":0,"ocean_menu_typo_font_size_mobile":0,"ocean_menu_typo_font_size_unit":"px","ocean_menu_typo_font_weight":"","ocean_menu_typo_font_weight_tablet":"","ocean_menu_typo_font_weight_mobile":"","ocean_menu_typo_transform":"","ocean_menu_typo_transform_tablet":"","ocean_menu_typo_transform_mobile":"","ocean_menu_typo_line_height":0,"ocean_menu_typo_line_height_tablet":0,"ocean_menu_typo_line_height_mobile":0,"ocean_menu_typo_line_height_unit":"","ocean_menu_typo_spacing":0,"ocean_menu_typo_spacing_tablet":0,"ocean_menu_typo_spacing_mobile":0,"ocean_menu_typo_spacing_unit":"","ocean_menu_link_color":"","ocean_menu_link_color_hover":"","ocean_menu_link_color_active":"","ocean_menu_link_background":"","ocean_menu_link_hover_background":"","ocean_menu_link_active_background":"","ocean_menu_social_links_bg":"","ocean_menu_social_hover_links_bg":"","ocean_menu_social_links_color":"","ocean_menu_social_hover_links_color":"","ocean_disable_title":"enable","ocean_disable_heading":"enable","ocean_post_title":"Il faut une \u00e9quipe pour faire une \u00e9quipe","ocean_post_subheading":"","ocean_post_title_style":"centered","ocean_post_title_background_color":"","ocean_post_title_background":9377,"ocean_post_title_bg_image_position":"","ocean_post_title_bg_image_attachment":"fixed","ocean_post_title_bg_image_repeat":"no-repeat","ocean_post_title_bg_image_size":"cover","ocean_post_title_height":304,"ocean_post_title_bg_overlay":0.5,"ocean_post_title_bg_overlay_color":"#000000","ocean_disable_breadcrumbs":"default","ocean_breadcrumbs_color":"","ocean_breadcrumbs_separator_color":"","ocean_breadcrumbs_links_color":"","ocean_breadcrumbs_links_hover_color":"","ocean_display_footer_widgets":"default","ocean_display_footer_bottom":"on","ocean_custom_footer_template":"","ofc_meta_disable_footer_callout":"","ofc_meta_callout_button_url":"https:\/\/www.utgdm.com\/fr\/our-contacts\/","ofc_meta_callout_button_txt":"Communiquer avec nous","ofc_meta_callout_text":"Obtenir une soumission sans engagement d\u00e8s aujourd\u2019hui","ofc_enable_fullscreen":"disable","ofc_fullscreen_speed":0,"ofc_fullscreen_nav":"enable","ofc_fullscreen_nav_pos":"right","ofc_fullscreen_nav_color":"","ofc_fullscreen_nav_tooltip_color":"","ofc_fullscreen_responsive":0,"footnotes":""},"class_list":["post-14379","page","type-page","status-publish","hentry","entry","owp-thumbs-layout-horizontal","owp-btn-normal","owp-tabs-layout-horizontal","has-no-thumbnails","circle-sale"],"yoast_head":"<!-- This site is optimized with the Yoast SEO Premium plugin v25.6 (Yoast SEO v27.5) - https:\/\/yoast.com\/product\/yoast-seo-premium-wordpress\/ -->\n<title>Notre \u00e9quipe - UTG Digital Media<\/title>\n<meta name=\"description\" content=\"Our team consists of a Receptionis, Sales Representative, Installer, and a Web Designer\" \/>\n<meta name=\"robots\" content=\"index, follow, max-snippet:-1, max-image-preview:large, max-video-preview:-1\" \/>\n<link rel=\"canonical\" href=\"https:\/\/www.utgdm.com\/fr\/a-propos\/notre-equipe\/\" \/>\n<meta property=\"og:locale\" content=\"fr_FR\" \/>\n<meta property=\"og:type\" content=\"article\" \/>\n<meta property=\"og:title\" content=\"Notre \u00e9quipe\" \/>\n<meta property=\"og:description\" content=\"Alan Wehbe Fondateur et PDG Alan est un entrepreneur passionn\u00e9 et le \u00ab cerveau \u00bb de la conception et la fabrication des enfiches num\u00e9riques, offrant des\" \/>\n<meta property=\"og:url\" content=\"https:\/\/www.utgdm.com\/fr\/a-propos\/notre-equipe\/\" \/>\n<meta property=\"og:site_name\" content=\"UTG Digital Media\" \/>\n<meta property=\"article:publisher\" content=\"https:\/\/www.facebook.com\/UTGDigitalMedia\/\" \/>\n<meta property=\"article:modified_time\" content=\"2018-07-13T18:29:58+00:00\" \/>\n<meta property=\"og:image\" content=\"https:\/\/www.utgdm.com\/wp-content\/uploads\/2016\/12\/Alan-1.png\" \/>\n<meta name=\"twitter:card\" content=\"summary_large_image\" \/>\n<meta name=\"twitter:site\" content=\"@utgdigitalmedia\" \/>\n<meta name=\"twitter:label1\" content=\"Dur\u00e9e de lecture estim\u00e9e\" \/>\n\t<meta name=\"twitter:data1\" content=\"1 minute\" \/>\n<script type=\"application\/ld+json\" class=\"yoast-schema-graph\">{\"@context\":\"https:\\\/\\\/schema.org\",\"@graph\":[{\"@type\":\"WebPage\",\"@id\":\"https:\\\/\\\/www.utgdm.com\\\/fr\\\/a-propos\\\/notre-equipe\\\/\",\"url\":\"https:\\\/\\\/www.utgdm.com\\\/fr\\\/a-propos\\\/notre-equipe\\\/\",\"name\":\"Notre \u00e9quipe - UTG Digital Media\",\"isPartOf\":{\"@id\":\"https:\\\/\\\/www.utgdm.com\\\/#website\"},\"primaryImageOfPage\":{\"@id\":\"https:\\\/\\\/www.utgdm.com\\\/fr\\\/a-propos\\\/notre-equipe\\\/#primaryimage\"},\"image\":{\"@id\":\"https:\\\/\\\/www.utgdm.com\\\/fr\\\/a-propos\\\/notre-equipe\\\/#primaryimage\"},\"thumbnailUrl\":\"https:\\\/\\\/www.utgdm.com\\\/wp-content\\\/uploads\\\/2016\\\/12\\\/Alan-1.png\",\"datePublished\":\"2018-07-13T18:20:23+00:00\",\"dateModified\":\"2018-07-13T18:29:58+00:00\",\"description\":\"Our team consists of a Receptionis, Sales Representative, Installer, and a Web Designer\",\"breadcrumb\":{\"@id\":\"https:\\\/\\\/www.utgdm.com\\\/fr\\\/a-propos\\\/notre-equipe\\\/#breadcrumb\"},\"inLanguage\":\"fr-FR\",\"potentialAction\":[{\"@type\":\"ReadAction\",\"target\":[\"https:\\\/\\\/www.utgdm.com\\\/fr\\\/a-propos\\\/notre-equipe\\\/\"]}]},{\"@type\":\"ImageObject\",\"inLanguage\":\"fr-FR\",\"@id\":\"https:\\\/\\\/www.utgdm.com\\\/fr\\\/a-propos\\\/notre-equipe\\\/#primaryimage\",\"url\":\"https:\\\/\\\/www.utgdm.com\\\/wp-content\\\/uploads\\\/2016\\\/12\\\/Alan-1.png\",\"contentUrl\":\"https:\\\/\\\/www.utgdm.com\\\/wp-content\\\/uploads\\\/2016\\\/12\\\/Alan-1.png\"},{\"@type\":\"BreadcrumbList\",\"@id\":\"https:\\\/\\\/www.utgdm.com\\\/fr\\\/a-propos\\\/notre-equipe\\\/#breadcrumb\",\"itemListElement\":[{\"@type\":\"ListItem\",\"position\":1,\"name\":\"Home\",\"item\":\"https:\\\/\\\/www.utgdm.com\\\/fr\\\/signalisation-numerique-interieure-et-exterieure-utg-digital-media\\\/\"},{\"@type\":\"ListItem\",\"position\":2,\"name\":\"\u00c0 propos de nous\",\"item\":\"https:\\\/\\\/www.utgdm.com\\\/fr\\\/a-propos\\\/\"},{\"@type\":\"ListItem\",\"position\":3,\"name\":\"Notre \u00e9quipe\"}]},{\"@type\":\"WebSite\",\"@id\":\"https:\\\/\\\/www.utgdm.com\\\/#website\",\"url\":\"https:\\\/\\\/www.utgdm.com\\\/\",\"name\":\"UTG Digital Media\",\"description\":\"Advanced Digital Signage Solutions\",\"publisher\":{\"@id\":\"https:\\\/\\\/www.utgdm.com\\\/#organization\"},\"potentialAction\":[{\"@type\":\"SearchAction\",\"target\":{\"@type\":\"EntryPoint\",\"urlTemplate\":\"https:\\\/\\\/www.utgdm.com\\\/?s={search_term_string}\"},\"query-input\":{\"@type\":\"PropertyValueSpecification\",\"valueRequired\":true,\"valueName\":\"search_term_string\"}}],\"inLanguage\":\"fr-FR\"},{\"@type\":\"Organization\",\"@id\":\"https:\\\/\\\/www.utgdm.com\\\/#organization\",\"name\":\"UTG Digital Media\",\"url\":\"https:\\\/\\\/www.utgdm.com\\\/\",\"logo\":{\"@type\":\"ImageObject\",\"inLanguage\":\"fr-FR\",\"@id\":\"https:\\\/\\\/www.utgdm.com\\\/#\\\/schema\\\/logo\\\/image\\\/\",\"url\":\"https:\\\/\\\/www.utgdm.com\\\/wp-content\\\/uploads\\\/2021\\\/09\\\/UTGDigitalMedia_Logo_2020_Black.png\",\"contentUrl\":\"https:\\\/\\\/www.utgdm.com\\\/wp-content\\\/uploads\\\/2021\\\/09\\\/UTGDigitalMedia_Logo_2020_Black.png\",\"width\":3363,\"height\":568,\"caption\":\"UTG Digital Media\"},\"image\":{\"@id\":\"https:\\\/\\\/www.utgdm.com\\\/#\\\/schema\\\/logo\\\/image\\\/\"},\"sameAs\":[\"https:\\\/\\\/www.facebook.com\\\/UTGDigitalMedia\\\/\",\"https:\\\/\\\/x.com\\\/utgdigitalmedia\",\"https:\\\/\\\/www.instagram.com\\\/utgdigitalmedia\\\/\",\"https:\\\/\\\/www.linkedin.com\\\/company\\\/utg-digital-media\",\"https:\\\/\\\/in.pinterest.com\\\/UTGDigitalMedia\\\/\",\"https:\\\/\\\/www.youtube.com\\\/channel\\\/UCcWym9ALJv0xM7iafruxdyQ\"]}]}<\/script>\n<!-- \/ Yoast SEO Premium plugin. -->","yoast_head_json":{"title":"Notre \u00e9quipe - UTG Digital Media","description":"Our team consists of a Receptionis, Sales Representative, Installer, and a Web Designer","robots":{"index":"index","follow":"follow","max-snippet":"max-snippet:-1","max-image-preview":"max-image-preview:large","max-video-preview":"max-video-preview:-1"},"canonical":"https:\/\/www.utgdm.com\/fr\/a-propos\/notre-equipe\/","og_locale":"fr_FR","og_type":"article","og_title":"Notre \u00e9quipe","og_description":"Alan Wehbe Fondateur et PDG Alan est un entrepreneur passionn\u00e9 et le \u00ab cerveau \u00bb de la conception et la fabrication des enfiches num\u00e9riques, offrant des","og_url":"https:\/\/www.utgdm.com\/fr\/a-propos\/notre-equipe\/","og_site_name":"UTG Digital Media","article_publisher":"https:\/\/www.facebook.com\/UTGDigitalMedia\/","article_modified_time":"2018-07-13T18:29:58+00:00","og_image":[{"url":"https:\/\/www.utgdm.com\/wp-content\/uploads\/2016\/12\/Alan-1.png","type":"","width":"","height":""}],"twitter_card":"summary_large_image","twitter_site":"@utgdigitalmedia","twitter_misc":{"Dur\u00e9e de lecture estim\u00e9e":"1 minute"},"schema":{"@context":"https:\/\/schema.org","@graph":[{"@type":"WebPage","@id":"https:\/\/www.utgdm.com\/fr\/a-propos\/notre-equipe\/","url":"https:\/\/www.utgdm.com\/fr\/a-propos\/notre-equipe\/","name":"Notre \u00e9quipe - UTG Digital Media","isPartOf":{"@id":"https:\/\/www.utgdm.com\/#website"},"primaryImageOfPage":{"@id":"https:\/\/www.utgdm.com\/fr\/a-propos\/notre-equipe\/#primaryimage"},"image":{"@id":"https:\/\/www.utgdm.com\/fr\/a-propos\/notre-equipe\/#primaryimage"},"thumbnailUrl":"https:\/\/www.utgdm.com\/wp-content\/uploads\/2016\/12\/Alan-1.png","datePublished":"2018-07-13T18:20:23+00:00","dateModified":"2018-07-13T18:29:58+00:00","description":"Our team consists of a Receptionis, Sales Representative, Installer, and a Web Designer","breadcrumb":{"@id":"https:\/\/www.utgdm.com\/fr\/a-propos\/notre-equipe\/#breadcrumb"},"inLanguage":"fr-FR","potentialAction":[{"@type":"ReadAction","target":["https:\/\/www.utgdm.com\/fr\/a-propos\/notre-equipe\/"]}]},{"@type":"ImageObject","inLanguage":"fr-FR","@id":"https:\/\/www.utgdm.com\/fr\/a-propos\/notre-equipe\/#primaryimage","url":"https:\/\/www.utgdm.com\/wp-content\/uploads\/2016\/12\/Alan-1.png","contentUrl":"https:\/\/www.utgdm.com\/wp-content\/uploads\/2016\/12\/Alan-1.png"},{"@type":"BreadcrumbList","@id":"https:\/\/www.utgdm.com\/fr\/a-propos\/notre-equipe\/#breadcrumb","itemListElement":[{"@type":"ListItem","position":1,"name":"Home","item":"https:\/\/www.utgdm.com\/fr\/signalisation-numerique-interieure-et-exterieure-utg-digital-media\/"},{"@type":"ListItem","position":2,"name":"\u00c0 propos de nous","item":"https:\/\/www.utgdm.com\/fr\/a-propos\/"},{"@type":"ListItem","position":3,"name":"Notre \u00e9quipe"}]},{"@type":"WebSite","@id":"https:\/\/www.utgdm.com\/#website","url":"https:\/\/www.utgdm.com\/","name":"UTG Digital Media","description":"Advanced Digital Signage Solutions","publisher":{"@id":"https:\/\/www.utgdm.com\/#organization"},"potentialAction":[{"@type":"SearchAction","target":{"@type":"EntryPoint","urlTemplate":"https:\/\/www.utgdm.com\/?s={search_term_string}"},"query-input":{"@type":"PropertyValueSpecification","valueRequired":true,"valueName":"search_term_string"}}],"inLanguage":"fr-FR"},{"@type":"Organization","@id":"https:\/\/www.utgdm.com\/#organization","name":"UTG Digital Media","url":"https:\/\/www.utgdm.com\/","logo":{"@type":"ImageObject","inLanguage":"fr-FR","@id":"https:\/\/www.utgdm.com\/#\/schema\/logo\/image\/","url":"https:\/\/www.utgdm.com\/wp-content\/uploads\/2021\/09\/UTGDigitalMedia_Logo_2020_Black.png","contentUrl":"https:\/\/www.utgdm.com\/wp-content\/uploads\/2021\/09\/UTGDigitalMedia_Logo_2020_Black.png","width":3363,"height":568,"caption":"UTG Digital Media"},"image":{"@id":"https:\/\/www.utgdm.com\/#\/schema\/logo\/image\/"},"sameAs":["https:\/\/www.facebook.com\/UTGDigitalMedia\/","https:\/\/x.com\/utgdigitalmedia","https:\/\/www.instagram.com\/utgdigitalmedia\/","https:\/\/www.linkedin.com\/company\/utg-digital-media","https:\/\/in.pinterest.com\/UTGDigitalMedia\/","https:\/\/www.youtube.com\/channel\/UCcWym9ALJv0xM7iafruxdyQ"]}]}},"_links":{"self":[{"href":"https:\/\/www.utgdm.com\/fr\/wp-json\/wp\/v2\/pages\/14379","targetHints":{"allow":["GET"]}}],"collection":[{"href":"https:\/\/www.utgdm.com\/fr\/wp-json\/wp\/v2\/pages"}],"about":[{"href":"https:\/\/www.utgdm.com\/fr\/wp-json\/wp\/v2\/types\/page"}],"author":[{"embeddable":true,"href":"https:\/\/www.utgdm.com\/fr\/wp-json\/wp\/v2\/users\/1"}],"replies":[{"embeddable":true,"href":"https:\/\/www.utgdm.com\/fr\/wp-json\/wp\/v2\/comments?post=14379"}],"version-history":[{"count":4,"href":"https:\/\/www.utgdm.com\/fr\/wp-json\/wp\/v2\/pages\/14379\/revisions"}],"predecessor-version":[{"id":14394,"href":"https:\/\/www.utgdm.com\/fr\/wp-json\/wp\/v2\/pages\/14379\/revisions\/14394"}],"up":[{"embeddable":true,"href":"https:\/\/www.utgdm.com\/fr\/wp-json\/wp\/v2\/pages\/14930"}],"wp:attachment":[{"href":"https:\/\/www.utgdm.com\/fr\/wp-json\/wp\/v2\/media?parent=14379"}],"curies":[{"name":"wp","href":"https:\/\/api.w.org\/{rel}","templated":true}]}}