{"id":44936,"date":"2023-05-09T08:10:48","date_gmt":"2023-05-09T12:10:48","guid":{"rendered":"https:\/\/www.utgdm.com\/communiques-de-presse\/"},"modified":"2023-05-09T08:11:56","modified_gmt":"2023-05-09T12:11:56","slug":"communiques-de-presse","status":"publish","type":"page","link":"https:\/\/www.utgdm.com\/fr\/communiques-de-presse\/","title":{"rendered":"Communiqu\u00e9s de presse"},"content":{"rendered":"\t\t<div data-elementor-type=\"wp-page\" data-elementor-id=\"44936\" class=\"elementor elementor-44936 elementor-33471\" data-elementor-post-type=\"page\">\n\t\t\t\t<div class=\"elementor-element elementor-element-f545184 e-flex e-con-boxed e-con e-parent\" data-id=\"f545184\" data-element_type=\"container\" data-e-type=\"container\">\n\t\t\t\t\t<div class=\"e-con-inner\">\n\t\t<div class=\"elementor-element elementor-element-377d1e2 e-flex e-con-boxed e-con e-parent\" data-id=\"377d1e2\" data-element_type=\"container\" data-e-type=\"container\">\n\t\t\t\t\t<div class=\"e-con-inner\">\n\t\t\t\t<div class=\"elementor-element elementor-element-7f03a27 elementor-widget elementor-widget-heading\" data-id=\"7f03a27\" data-element_type=\"widget\" data-e-type=\"widget\" data-widget_type=\"heading.default\">\n\t\t\t\t<div class=\"elementor-widget-container\">\n\t\t\t\t\t<h3 class=\"elementor-heading-title elementor-size-default\">Communiqu\u00e9s de presse<\/h3>\t\t\t\t<\/div>\n\t\t\t\t<\/div>\n\t\t\t\t<div class=\"elementor-element elementor-element-8fb5df8 elementor-widget elementor-widget-text-editor\" data-id=\"8fb5df8\" data-element_type=\"widget\" data-e-type=\"widget\" data-widget_type=\"text-editor.default\">\n\t\t\t\t<div class=\"elementor-widget-container\">\n\t\t\t\t\t\t\t\t\t<p style=\"text-align: center;\">Tenez-vous au courant de la couverture m\u00e9diatique compl\u00e8te de l&rsquo;UTG concernant divers projets, les \u00e9v\u00e9nements actuels et d&rsquo;autres nouvelles li\u00e9es au secteur.<\/p>\n\t\t\t\t\t\t\t\t<\/div>\n\t\t\t\t<\/div>\n\t\t\t\t\t<\/div>\n\t\t\t\t<\/div>\n\t\t\t\t\t<\/div>\n\t\t\t\t<\/div>\n\t\t<div class=\"elementor-element elementor-element-e736bba e-flex e-con-boxed e-con e-parent\" data-id=\"e736bba\" data-element_type=\"container\" data-e-type=\"container\">\n\t\t\t\t\t<div class=\"e-con-inner\">\n\t\t\t\t<div class=\"elementor-element elementor-element-e7057cc elementor-widget elementor-widget-oew-blog-grid\" data-id=\"e7057cc\" data-element_type=\"widget\" data-e-type=\"widget\" data-widget_type=\"oew-blog-grid.default\">\n\t\t\t\t<div class=\"elementor-widget-container\">\n\t\t\t\t\t\n\t\t\t<div class=\"oew-blog-grid clr match-height-grid\" data-desktop-columns=3  >\n\n\t\t\t\t\n\t\t\t\t\t\t<article id=\"post-21664\" class=\"oew-grid-entry clr post-21664 post type-post status-publish format-standard has-post-thumbnail hentry category-nouvelles entry has-media owp-thumbs-layout-horizontal owp-btn-normal owp-tabs-layout-horizontal has-no-thumbnails circle-sale\">\n\n\t\t\t\t\t\t\t\n\t\t\t\t\t\t\t\t<div class=\"oew-grid-inner clr\">\n\n\t\t\t\t\t\t\t\t\t\n\t\t\t\t\t\t\t\t\t\t<div class=\"oew-grid-media clr\">\n\n\t\t\t\t\t\t\t\t\t\t\t<a href=\"https:\/\/www.utgdm.com\/fr\/nouvelles\/un-noel-festif-en-toute-securite-avec-utg-digital-media\/\" title=\"Un No\u00ebl festif en toute s\u00e9curit\u00e9 avec UTG Digital Media\" class=\"oew-grid-img\">\n\n\t\t\t\t\t\t\t\t\t\t\t\t<img fetchpriority=\"high\" decoding=\"async\" width=\"300\" height=\"200\" src=\"https:\/\/www.utgdm.com\/wp-content\/uploads\/2020\/11\/IMG_8623-300x200.jpg\" class=\"attachment-medium size-medium wp-post-image\" alt=\"Un No\u00ebl festif en toute s\u00e9curit\u00e9 avec UTG Digital Media\" itemprop=\"image\" srcset=\"https:\/\/www.utgdm.com\/wp-content\/uploads\/2020\/11\/IMG_8623-300x200.jpg 300w, https:\/\/www.utgdm.com\/wp-content\/uploads\/2020\/11\/IMG_8623-1024x683.jpg 1024w, https:\/\/www.utgdm.com\/wp-content\/uploads\/2020\/11\/IMG_8623-768x512.jpg 768w, https:\/\/www.utgdm.com\/wp-content\/uploads\/2020\/11\/IMG_8623-1536x1024.jpg 1536w, https:\/\/www.utgdm.com\/wp-content\/uploads\/2020\/11\/IMG_8623-2048x1365.jpg 2048w, https:\/\/www.utgdm.com\/wp-content\/uploads\/2020\/11\/IMG_8623-200x133.jpg 200w, https:\/\/www.utgdm.com\/wp-content\/uploads\/2020\/11\/IMG_8623-450x300.jpg 450w\" sizes=\"(max-width: 300px) 100vw, 300px\" \/>\n\t\t\t\t\t\t\t\t\t\t\t\t<span class=\"overlay\">\n\t\t\t\t\t\t\t\t\t\t\t\t\t\t\t\t\t\t\t\t\t\t\t\t\t\t\t<span class=\"overlay-btn\">\n\t\t\t\t\t\t\t\t\t\t\t\t\t\t\tRead More\t\t\t\t\t\t\t\t\t\t\t\t\t\t<\/span>\n\t\t\t\t\t\t\t\t\t\t\t\t\t\t\t\t\t\t\t\t\t\t\t\t\t<\/span>\n\n\t\t\t\t\t\t\t\t\t\t\t<\/a>\n\n\t\t\t\t\t\t\t\t\t\t\t\n\t\t\t\t\t\t\t\t\t\t<\/div><!-- .oew-grid-media -->\n\n\t\t\t\t\t\t\t\t\t\n\t\t\t\t\t\t\t\t\t\n\t\t\t\t\t\t\t\t\t\t<div class=\"oew-grid-details match-height-content clr\">\n\n\t\t\t\t\t\t\t\t\t\t\t\n\t\t\t\t\t\t\t\t\t\t\t\t<h2 class=\"oew-grid-title entry-title\">\n\t\t\t\t\t\t\t\t\t\t\t\t\t<a href=\"https:\/\/www.utgdm.com\/fr\/nouvelles\/un-noel-festif-en-toute-securite-avec-utg-digital-media\/\" title=\"Un No\u00ebl festif en toute s\u00e9curit\u00e9 avec UTG Digital Media\">Un No\u00ebl festif en toute s\u00e9curit\u00e9 avec UTG Digital Media<\/a>\n\t\t\t\t\t\t\t\t\t\t\t\t<\/h2>\n\n\t\t\t\t\t\t\t\t\t\t\t\n\t\t\t\t\t\t\t\t\t\t\t\n\t\t\t\t\t\t\t\t\t\t\t\t<div class=\"oew-grid-excerpt clr\">\n\t\t\t\t\t\t\t\t\t\t\t\t\tUn d\u00e9fil\u00e9 de No\u00ebl par UTG Digital Media se rendra dans les foyers d'Ottawa\/Gatineau ce d\u00e9cembre pour apporter la joie des f\u00eates en ces temps\u2026\t\t\t\t\t\t\t\t\t\t\t\t<\/div>\n\n\t\t\t\t\t\t\t\t\t\t\t\n\t\t\t\t\t\t\t\t\t\t<\/div><!-- .oew-grid-details -->\n\n\t\t\t\t\t\t\t\t\t\n\t\t\t\t\t\t\t\t\t\n\t\t\t\t\t\t\t\t<\/div>\n\n\t\t\t\t\t\t\t\n\t\t\t\t\t\t<\/article>\n\n\t\t\t\t\t\n\t\t\t\t\t\n\t\t\t\t\t\t<article id=\"post-21532\" class=\"oew-grid-entry clr post-21532 post type-post status-publish format-standard has-post-thumbnail hentry category-nouvelles entry has-media owp-thumbs-layout-horizontal owp-btn-normal owp-tabs-layout-horizontal has-no-thumbnails circle-sale\">\n\n\t\t\t\t\t\t\t\n\t\t\t\t\t\t\t\t<div class=\"oew-grid-inner clr\">\n\n\t\t\t\t\t\t\t\t\t\n\t\t\t\t\t\t\t\t\t\t<div class=\"oew-grid-media clr\">\n\n\t\t\t\t\t\t\t\t\t\t\t<a href=\"https:\/\/www.utgdm.com\/fr\/nouvelles\/utg-digital-media-reconny-comme-finaliste-aux-digital-signage-awards-2020\/\" title=\"UTG Digital Media reconnue comme finaliste aux Digital Signage Awards 2020\" class=\"oew-grid-img\">\n\n\t\t\t\t\t\t\t\t\t\t\t\t<img decoding=\"async\" width=\"300\" height=\"45\" src=\"https:\/\/www.utgdm.com\/wp-content\/uploads\/2020\/11\/DSA_21_finalist-2-300x45.png\" class=\"attachment-medium size-medium wp-post-image\" alt=\"UTG Digital Media reconnue comme finaliste aux Digital Signage Awards 2020\" itemprop=\"image\" srcset=\"https:\/\/www.utgdm.com\/wp-content\/uploads\/2020\/11\/DSA_21_finalist-2-300x45.png 300w, https:\/\/www.utgdm.com\/wp-content\/uploads\/2020\/11\/DSA_21_finalist-2-1024x154.png 1024w, https:\/\/www.utgdm.com\/wp-content\/uploads\/2020\/11\/DSA_21_finalist-2-768x116.png 768w, https:\/\/www.utgdm.com\/wp-content\/uploads\/2020\/11\/DSA_21_finalist-2-200x30.png 200w, https:\/\/www.utgdm.com\/wp-content\/uploads\/2020\/11\/DSA_21_finalist-2-450x68.png 450w, https:\/\/www.utgdm.com\/wp-content\/uploads\/2020\/11\/DSA_21_finalist-2.png 1200w\" sizes=\"(max-width: 300px) 100vw, 300px\" \/>\n\t\t\t\t\t\t\t\t\t\t\t\t<span class=\"overlay\">\n\t\t\t\t\t\t\t\t\t\t\t\t\t\t\t\t\t\t\t\t\t\t\t\t\t\t\t<span class=\"overlay-btn\">\n\t\t\t\t\t\t\t\t\t\t\t\t\t\t\tRead More\t\t\t\t\t\t\t\t\t\t\t\t\t\t<\/span>\n\t\t\t\t\t\t\t\t\t\t\t\t\t\t\t\t\t\t\t\t\t\t\t\t\t<\/span>\n\n\t\t\t\t\t\t\t\t\t\t\t<\/a>\n\n\t\t\t\t\t\t\t\t\t\t\t\n\t\t\t\t\t\t\t\t\t\t<\/div><!-- .oew-grid-media -->\n\n\t\t\t\t\t\t\t\t\t\n\t\t\t\t\t\t\t\t\t\n\t\t\t\t\t\t\t\t\t\t<div class=\"oew-grid-details match-height-content clr\">\n\n\t\t\t\t\t\t\t\t\t\t\t\n\t\t\t\t\t\t\t\t\t\t\t\t<h2 class=\"oew-grid-title entry-title\">\n\t\t\t\t\t\t\t\t\t\t\t\t\t<a href=\"https:\/\/www.utgdm.com\/fr\/nouvelles\/utg-digital-media-reconny-comme-finaliste-aux-digital-signage-awards-2020\/\" title=\"UTG Digital Media reconnue comme finaliste aux Digital Signage Awards 2020\">UTG Digital Media reconnue comme finaliste aux Digital Signage Awards 2020<\/a>\n\t\t\t\t\t\t\t\t\t\t\t\t<\/h2>\n\n\t\t\t\t\t\t\t\t\t\t\t\n\t\t\t\t\t\t\t\t\t\t\t\n\t\t\t\t\t\t\t\t\t\t\t\t<div class=\"oew-grid-excerpt clr\">\n\t\t\t\t\t\t\t\t\t\t\t\t\tUTG a \u00e9t\u00e9 reconnue pour la troisi\u00e8me fois comme finaliste aux Digital Signage Awards 2020! Deux des projets de UTG ont \u00e9t\u00e9 s\u00e9lectionn\u00e9s pour le\u2026\t\t\t\t\t\t\t\t\t\t\t\t<\/div>\n\n\t\t\t\t\t\t\t\t\t\t\t\n\t\t\t\t\t\t\t\t\t\t<\/div><!-- .oew-grid-details -->\n\n\t\t\t\t\t\t\t\t\t\n\t\t\t\t\t\t\t\t\t\n\t\t\t\t\t\t\t\t<\/div>\n\n\t\t\t\t\t\t\t\n\t\t\t\t\t\t<\/article>\n\n\t\t\t\t\t\n\t\t\t\t\t\n\t\t\t\t\t\t<article id=\"post-21367\" class=\"oew-grid-entry clr post-21367 post type-post status-publish format-standard has-post-thumbnail hentry category-non-classifiee category-nouvelles entry has-media owp-thumbs-layout-horizontal owp-btn-normal owp-tabs-layout-horizontal has-no-thumbnails circle-sale\">\n\n\t\t\t\t\t\t\t\n\t\t\t\t\t\t\t\t<div class=\"oew-grid-inner clr\">\n\n\t\t\t\t\t\t\t\t\t\n\t\t\t\t\t\t\t\t\t\t<div class=\"oew-grid-media clr\">\n\n\t\t\t\t\t\t\t\t\t\t\t<a href=\"https:\/\/www.utgdm.com\/fr\/non-classifiee\/utg-entame-sa-troisieme-annee-de-partenariat-avec-ffl-canada\/\" title=\"UTG ENTAME SA TROISI\u00c8ME ANN\u00c9E DE PARTENARIAT AVEC FFL CANADA\" class=\"oew-grid-img\">\n\n\t\t\t\t\t\t\t\t\t\t\t\t<img decoding=\"async\" width=\"300\" height=\"91\" src=\"https:\/\/www.utgdm.com\/wp-content\/uploads\/2020\/10\/LFF_F-300x91.jpg\" class=\"attachment-medium size-medium wp-post-image\" alt=\"UTG ENTAME SA TROISI\u00c8ME ANN\u00c9E DE PARTENARIAT AVEC FFL CANADA\" itemprop=\"image\" srcset=\"https:\/\/www.utgdm.com\/wp-content\/uploads\/2020\/10\/LFF_F-300x91.jpg 300w, https:\/\/www.utgdm.com\/wp-content\/uploads\/2020\/10\/LFF_F-1024x309.jpg 1024w, https:\/\/www.utgdm.com\/wp-content\/uploads\/2020\/10\/LFF_F-768x232.jpg 768w, https:\/\/www.utgdm.com\/wp-content\/uploads\/2020\/10\/LFF_F-200x60.jpg 200w, https:\/\/www.utgdm.com\/wp-content\/uploads\/2020\/10\/LFF_F-450x136.jpg 450w, https:\/\/www.utgdm.com\/wp-content\/uploads\/2020\/10\/LFF_F.jpg 1490w\" sizes=\"(max-width: 300px) 100vw, 300px\" \/>\n\t\t\t\t\t\t\t\t\t\t\t\t<span class=\"overlay\">\n\t\t\t\t\t\t\t\t\t\t\t\t\t\t\t\t\t\t\t\t\t\t\t\t\t\t\t<span class=\"overlay-btn\">\n\t\t\t\t\t\t\t\t\t\t\t\t\t\t\tRead More\t\t\t\t\t\t\t\t\t\t\t\t\t\t<\/span>\n\t\t\t\t\t\t\t\t\t\t\t\t\t\t\t\t\t\t\t\t\t\t\t\t\t<\/span>\n\n\t\t\t\t\t\t\t\t\t\t\t<\/a>\n\n\t\t\t\t\t\t\t\t\t\t\t\n\t\t\t\t\t\t\t\t\t\t<\/div><!-- .oew-grid-media -->\n\n\t\t\t\t\t\t\t\t\t\n\t\t\t\t\t\t\t\t\t\n\t\t\t\t\t\t\t\t\t\t<div class=\"oew-grid-details match-height-content clr\">\n\n\t\t\t\t\t\t\t\t\t\t\t\n\t\t\t\t\t\t\t\t\t\t\t\t<h2 class=\"oew-grid-title entry-title\">\n\t\t\t\t\t\t\t\t\t\t\t\t\t<a href=\"https:\/\/www.utgdm.com\/fr\/non-classifiee\/utg-entame-sa-troisieme-annee-de-partenariat-avec-ffl-canada\/\" title=\"UTG ENTAME SA TROISI\u00c8ME ANN\u00c9E DE PARTENARIAT AVEC FFL CANADA\">UTG ENTAME SA TROISI\u00c8ME ANN\u00c9E DE PARTENARIAT AVEC FFL CANADA<\/a>\n\t\t\t\t\t\t\t\t\t\t\t\t<\/h2>\n\n\t\t\t\t\t\t\t\t\t\t\t\n\t\t\t\t\t\t\t\t\t\t\t\n\t\t\t\t\t\t\t\t\t\t\t\t<div class=\"oew-grid-excerpt clr\">\n\t\t\t\t\t\t\t\t\t\t\t\t\tOttawa, le 6 octobre 2020 \u2013 UTG&nbsp;est encore&nbsp;une fois partenaire du Festival du film libanais du Canada dans le&nbsp;cadre&nbsp;de sa quatri\u00e8me \u00e9dition.&nbsp; A d\u00e9faut de\u2026\t\t\t\t\t\t\t\t\t\t\t\t<\/div>\n\n\t\t\t\t\t\t\t\t\t\t\t\n\t\t\t\t\t\t\t\t\t\t<\/div><!-- .oew-grid-details -->\n\n\t\t\t\t\t\t\t\t\t\n\t\t\t\t\t\t\t\t\t\n\t\t\t\t\t\t\t\t<\/div>\n\n\t\t\t\t\t\t\t\n\t\t\t\t\t\t<\/article>\n\n\t\t\t\t\t\n\t\t\t\t\t\n\t\t\t<\/div><!-- .oew-blog-grid -->\n\n\t\t\t\n\t\t\t\n\t\t\t\t\t\t<\/div>\n\t\t\t\t<\/div>\n\t\t\t\t\t<\/div>\n\t\t\t\t<\/div>\n\t\t\t\t<\/div>\n\t\t","protected":false},"excerpt":{"rendered":"<p>Communiqu\u00e9s de presse Tenez-vous au courant de la couverture m\u00e9diatique compl\u00e8te de l&rsquo;UTG concernant divers projets, les \u00e9v\u00e9nements actuels et d&rsquo;autres nouvelles li\u00e9es au secteur. Read More UTG Digital Media, a Canadian leader in digital signage solutions, provides digital displays for transit vehicles on Humboldt Transit Authority (HTA) buses in California The Humboldt Transit Authority [&hellip;]<\/p>\n","protected":false},"author":6,"featured_media":0,"parent":0,"menu_order":0,"comment_status":"closed","ping_status":"closed","template":"","meta":{"ocean_post_layout":"","ocean_both_sidebars_style":"","ocean_both_sidebars_content_width":0,"ocean_both_sidebars_sidebars_width":0,"ocean_sidebar":"0","ocean_second_sidebar":"0","ocean_disable_margins":"enable","ocean_add_body_class":"","ocean_shortcode_before_top_bar":"","ocean_shortcode_after_top_bar":"","ocean_shortcode_before_header":"","ocean_shortcode_after_header":"","ocean_has_shortcode":"","ocean_shortcode_after_title":"","ocean_shortcode_before_footer_widgets":"","ocean_shortcode_after_footer_widgets":"","ocean_shortcode_before_footer_bottom":"","ocean_shortcode_after_footer_bottom":"","ocean_display_top_bar":"default","ocean_display_header":"default","ocean_header_style":"","ocean_center_header_left_menu":"0","ocean_custom_header_template":"0","ocean_custom_logo":0,"ocean_custom_retina_logo":0,"ocean_custom_logo_max_width":0,"ocean_custom_logo_tablet_max_width":0,"ocean_custom_logo_mobile_max_width":0,"ocean_custom_logo_max_height":0,"ocean_custom_logo_tablet_max_height":0,"ocean_custom_logo_mobile_max_height":0,"ocean_header_custom_menu":"0","ocean_menu_typo_font_family":"0","ocean_menu_typo_font_subset":"","ocean_menu_typo_font_size":0,"ocean_menu_typo_font_size_tablet":0,"ocean_menu_typo_font_size_mobile":0,"ocean_menu_typo_font_size_unit":"px","ocean_menu_typo_font_weight":"","ocean_menu_typo_font_weight_tablet":"","ocean_menu_typo_font_weight_mobile":"","ocean_menu_typo_transform":"","ocean_menu_typo_transform_tablet":"","ocean_menu_typo_transform_mobile":"","ocean_menu_typo_line_height":0,"ocean_menu_typo_line_height_tablet":0,"ocean_menu_typo_line_height_mobile":0,"ocean_menu_typo_line_height_unit":"","ocean_menu_typo_spacing":0,"ocean_menu_typo_spacing_tablet":0,"ocean_menu_typo_spacing_mobile":0,"ocean_menu_typo_spacing_unit":"","ocean_menu_link_color":"","ocean_menu_link_color_hover":"","ocean_menu_link_color_active":"","ocean_menu_link_background":"","ocean_menu_link_hover_background":"","ocean_menu_link_active_background":"","ocean_menu_social_links_bg":"","ocean_menu_social_hover_links_bg":"","ocean_menu_social_links_color":"","ocean_menu_social_hover_links_color":"","ocean_disable_title":"default","ocean_disable_heading":"default","ocean_post_title":"","ocean_post_subheading":"","ocean_post_title_style":"","ocean_post_title_background_color":"","ocean_post_title_background":0,"ocean_post_title_bg_image_position":"","ocean_post_title_bg_image_attachment":"","ocean_post_title_bg_image_repeat":"","ocean_post_title_bg_image_size":"","ocean_post_title_height":0,"ocean_post_title_bg_overlay":0.5,"ocean_post_title_bg_overlay_color":"","ocean_disable_breadcrumbs":"default","ocean_breadcrumbs_color":"","ocean_breadcrumbs_separator_color":"","ocean_breadcrumbs_links_color":"","ocean_breadcrumbs_links_hover_color":"","ocean_display_footer_widgets":"default","ocean_display_footer_bottom":"default","ocean_custom_footer_template":"0","ofc_meta_disable_footer_callout":"","ofc_meta_callout_button_url":"","ofc_meta_callout_button_txt":"","ofc_meta_callout_text":"","ofc_enable_fullscreen":"disable","ofc_fullscreen_speed":0,"ofc_fullscreen_nav":"enable","ofc_fullscreen_nav_pos":"right","ofc_fullscreen_nav_color":"","ofc_fullscreen_nav_tooltip_color":"","ofc_fullscreen_responsive":0,"footnotes":""},"class_list":["post-44936","page","type-page","status-publish","hentry","entry","has-media","owp-thumbs-layout-horizontal","owp-btn-normal","owp-tabs-layout-horizontal","has-no-thumbnails","circle-sale"],"yoast_head":"<!-- This site is optimized with the Yoast SEO Premium plugin v25.6 (Yoast SEO v27.4) - https:\/\/yoast.com\/product\/yoast-seo-premium-wordpress\/ -->\n<title>Communiqu\u00e9s de presse - UTG Digital Media<\/title>\n<meta name=\"robots\" content=\"index, follow, max-snippet:-1, max-image-preview:large, max-video-preview:-1\" \/>\n<link rel=\"canonical\" href=\"https:\/\/www.utgdm.com\/fr\/communiques-de-presse\/\" \/>\n<meta property=\"og:locale\" content=\"fr_FR\" \/>\n<meta property=\"og:type\" content=\"article\" \/>\n<meta property=\"og:title\" content=\"Communiqu\u00e9s de presse\" \/>\n<meta property=\"og:description\" content=\"Communiqu\u00e9s de presse Tenez-vous au courant de la couverture m\u00e9diatique compl\u00e8te de l&#039;UTG concernant divers projets, les \u00e9v\u00e9nements actuels et d&#039;autres\" \/>\n<meta property=\"og:url\" content=\"https:\/\/www.utgdm.com\/fr\/communiques-de-presse\/\" \/>\n<meta property=\"og:site_name\" content=\"UTG Digital Media\" \/>\n<meta property=\"article:publisher\" content=\"https:\/\/www.facebook.com\/UTGDigitalMedia\/\" \/>\n<meta property=\"article:modified_time\" content=\"2023-05-09T12:11:56+00:00\" \/>\n<meta property=\"og:image\" content=\"https:\/\/www.utgdm.com\/wp-content\/uploads\/2022\/11\/UTG_BusDisplay_HTA_California-300x169.jpg\" \/>\n<meta name=\"twitter:card\" content=\"summary_large_image\" \/>\n<meta name=\"twitter:site\" content=\"@utgdigitalmedia\" \/>\n<meta name=\"twitter:label1\" content=\"Dur\u00e9e de lecture estim\u00e9e\" \/>\n\t<meta name=\"twitter:data1\" content=\"7 minutes\" \/>\n<script type=\"application\/ld+json\" class=\"yoast-schema-graph\">{\"@context\":\"https:\\\/\\\/schema.org\",\"@graph\":[{\"@type\":\"WebPage\",\"@id\":\"https:\\\/\\\/www.utgdm.com\\\/fr\\\/communiques-de-presse\\\/\",\"url\":\"https:\\\/\\\/www.utgdm.com\\\/fr\\\/communiques-de-presse\\\/\",\"name\":\"Communiqu\u00e9s de presse - UTG Digital Media\",\"isPartOf\":{\"@id\":\"https:\\\/\\\/www.utgdm.com\\\/#website\"},\"primaryImageOfPage\":{\"@id\":\"https:\\\/\\\/www.utgdm.com\\\/fr\\\/communiques-de-presse\\\/#primaryimage\"},\"image\":{\"@id\":\"https:\\\/\\\/www.utgdm.com\\\/fr\\\/communiques-de-presse\\\/#primaryimage\"},\"thumbnailUrl\":\"https:\\\/\\\/www.utgdm.com\\\/wp-content\\\/uploads\\\/2022\\\/11\\\/UTG_BusDisplay_HTA_California-300x169.jpg\",\"datePublished\":\"2023-05-09T12:10:48+00:00\",\"dateModified\":\"2023-05-09T12:11:56+00:00\",\"breadcrumb\":{\"@id\":\"https:\\\/\\\/www.utgdm.com\\\/fr\\\/communiques-de-presse\\\/#breadcrumb\"},\"inLanguage\":\"fr-FR\",\"potentialAction\":[{\"@type\":\"ReadAction\",\"target\":[\"https:\\\/\\\/www.utgdm.com\\\/fr\\\/communiques-de-presse\\\/\"]}]},{\"@type\":\"ImageObject\",\"inLanguage\":\"fr-FR\",\"@id\":\"https:\\\/\\\/www.utgdm.com\\\/fr\\\/communiques-de-presse\\\/#primaryimage\",\"url\":\"https:\\\/\\\/www.utgdm.com\\\/wp-content\\\/uploads\\\/2022\\\/11\\\/UTG_BusDisplay_HTA_California-300x169.jpg\",\"contentUrl\":\"https:\\\/\\\/www.utgdm.com\\\/wp-content\\\/uploads\\\/2022\\\/11\\\/UTG_BusDisplay_HTA_California-300x169.jpg\"},{\"@type\":\"BreadcrumbList\",\"@id\":\"https:\\\/\\\/www.utgdm.com\\\/fr\\\/communiques-de-presse\\\/#breadcrumb\",\"itemListElement\":[{\"@type\":\"ListItem\",\"position\":1,\"name\":\"Home\",\"item\":\"https:\\\/\\\/www.utgdm.com\\\/fr\\\/signalisation-numerique-interieure-et-exterieure-utg-digital-media\\\/\"},{\"@type\":\"ListItem\",\"position\":2,\"name\":\"Communiqu\u00e9s de presse\"}]},{\"@type\":\"WebSite\",\"@id\":\"https:\\\/\\\/www.utgdm.com\\\/#website\",\"url\":\"https:\\\/\\\/www.utgdm.com\\\/\",\"name\":\"UTG Digital Media\",\"description\":\"Advanced Digital Signage Solutions\",\"publisher\":{\"@id\":\"https:\\\/\\\/www.utgdm.com\\\/#organization\"},\"potentialAction\":[{\"@type\":\"SearchAction\",\"target\":{\"@type\":\"EntryPoint\",\"urlTemplate\":\"https:\\\/\\\/www.utgdm.com\\\/?s={search_term_string}\"},\"query-input\":{\"@type\":\"PropertyValueSpecification\",\"valueRequired\":true,\"valueName\":\"search_term_string\"}}],\"inLanguage\":\"fr-FR\"},{\"@type\":\"Organization\",\"@id\":\"https:\\\/\\\/www.utgdm.com\\\/#organization\",\"name\":\"UTG Digital Media\",\"url\":\"https:\\\/\\\/www.utgdm.com\\\/\",\"logo\":{\"@type\":\"ImageObject\",\"inLanguage\":\"fr-FR\",\"@id\":\"https:\\\/\\\/www.utgdm.com\\\/#\\\/schema\\\/logo\\\/image\\\/\",\"url\":\"https:\\\/\\\/www.utgdm.com\\\/wp-content\\\/uploads\\\/2021\\\/09\\\/UTGDigitalMedia_Logo_2020_Black.png\",\"contentUrl\":\"https:\\\/\\\/www.utgdm.com\\\/wp-content\\\/uploads\\\/2021\\\/09\\\/UTGDigitalMedia_Logo_2020_Black.png\",\"width\":3363,\"height\":568,\"caption\":\"UTG Digital Media\"},\"image\":{\"@id\":\"https:\\\/\\\/www.utgdm.com\\\/#\\\/schema\\\/logo\\\/image\\\/\"},\"sameAs\":[\"https:\\\/\\\/www.facebook.com\\\/UTGDigitalMedia\\\/\",\"https:\\\/\\\/x.com\\\/utgdigitalmedia\",\"https:\\\/\\\/www.instagram.com\\\/utgdigitalmedia\\\/\",\"https:\\\/\\\/www.linkedin.com\\\/company\\\/utg-digital-media\",\"https:\\\/\\\/in.pinterest.com\\\/UTGDigitalMedia\\\/\",\"https:\\\/\\\/www.youtube.com\\\/channel\\\/UCcWym9ALJv0xM7iafruxdyQ\"]}]}<\/script>\n<!-- \/ Yoast SEO Premium plugin. -->","yoast_head_json":{"title":"Communiqu\u00e9s de presse - UTG Digital Media","robots":{"index":"index","follow":"follow","max-snippet":"max-snippet:-1","max-image-preview":"max-image-preview:large","max-video-preview":"max-video-preview:-1"},"canonical":"https:\/\/www.utgdm.com\/fr\/communiques-de-presse\/","og_locale":"fr_FR","og_type":"article","og_title":"Communiqu\u00e9s de presse","og_description":"Communiqu\u00e9s de presse Tenez-vous au courant de la couverture m\u00e9diatique compl\u00e8te de l'UTG concernant divers projets, les \u00e9v\u00e9nements actuels et d'autres","og_url":"https:\/\/www.utgdm.com\/fr\/communiques-de-presse\/","og_site_name":"UTG Digital Media","article_publisher":"https:\/\/www.facebook.com\/UTGDigitalMedia\/","article_modified_time":"2023-05-09T12:11:56+00:00","og_image":[{"url":"https:\/\/www.utgdm.com\/wp-content\/uploads\/2022\/11\/UTG_BusDisplay_HTA_California-300x169.jpg","type":"","width":"","height":""}],"twitter_card":"summary_large_image","twitter_site":"@utgdigitalmedia","twitter_misc":{"Dur\u00e9e de lecture estim\u00e9e":"7 minutes"},"schema":{"@context":"https:\/\/schema.org","@graph":[{"@type":"WebPage","@id":"https:\/\/www.utgdm.com\/fr\/communiques-de-presse\/","url":"https:\/\/www.utgdm.com\/fr\/communiques-de-presse\/","name":"Communiqu\u00e9s de presse - UTG Digital Media","isPartOf":{"@id":"https:\/\/www.utgdm.com\/#website"},"primaryImageOfPage":{"@id":"https:\/\/www.utgdm.com\/fr\/communiques-de-presse\/#primaryimage"},"image":{"@id":"https:\/\/www.utgdm.com\/fr\/communiques-de-presse\/#primaryimage"},"thumbnailUrl":"https:\/\/www.utgdm.com\/wp-content\/uploads\/2022\/11\/UTG_BusDisplay_HTA_California-300x169.jpg","datePublished":"2023-05-09T12:10:48+00:00","dateModified":"2023-05-09T12:11:56+00:00","breadcrumb":{"@id":"https:\/\/www.utgdm.com\/fr\/communiques-de-presse\/#breadcrumb"},"inLanguage":"fr-FR","potentialAction":[{"@type":"ReadAction","target":["https:\/\/www.utgdm.com\/fr\/communiques-de-presse\/"]}]},{"@type":"ImageObject","inLanguage":"fr-FR","@id":"https:\/\/www.utgdm.com\/fr\/communiques-de-presse\/#primaryimage","url":"https:\/\/www.utgdm.com\/wp-content\/uploads\/2022\/11\/UTG_BusDisplay_HTA_California-300x169.jpg","contentUrl":"https:\/\/www.utgdm.com\/wp-content\/uploads\/2022\/11\/UTG_BusDisplay_HTA_California-300x169.jpg"},{"@type":"BreadcrumbList","@id":"https:\/\/www.utgdm.com\/fr\/communiques-de-presse\/#breadcrumb","itemListElement":[{"@type":"ListItem","position":1,"name":"Home","item":"https:\/\/www.utgdm.com\/fr\/signalisation-numerique-interieure-et-exterieure-utg-digital-media\/"},{"@type":"ListItem","position":2,"name":"Communiqu\u00e9s de presse"}]},{"@type":"WebSite","@id":"https:\/\/www.utgdm.com\/#website","url":"https:\/\/www.utgdm.com\/","name":"UTG Digital Media","description":"Advanced Digital Signage Solutions","publisher":{"@id":"https:\/\/www.utgdm.com\/#organization"},"potentialAction":[{"@type":"SearchAction","target":{"@type":"EntryPoint","urlTemplate":"https:\/\/www.utgdm.com\/?s={search_term_string}"},"query-input":{"@type":"PropertyValueSpecification","valueRequired":true,"valueName":"search_term_string"}}],"inLanguage":"fr-FR"},{"@type":"Organization","@id":"https:\/\/www.utgdm.com\/#organization","name":"UTG Digital Media","url":"https:\/\/www.utgdm.com\/","logo":{"@type":"ImageObject","inLanguage":"fr-FR","@id":"https:\/\/www.utgdm.com\/#\/schema\/logo\/image\/","url":"https:\/\/www.utgdm.com\/wp-content\/uploads\/2021\/09\/UTGDigitalMedia_Logo_2020_Black.png","contentUrl":"https:\/\/www.utgdm.com\/wp-content\/uploads\/2021\/09\/UTGDigitalMedia_Logo_2020_Black.png","width":3363,"height":568,"caption":"UTG Digital Media"},"image":{"@id":"https:\/\/www.utgdm.com\/#\/schema\/logo\/image\/"},"sameAs":["https:\/\/www.facebook.com\/UTGDigitalMedia\/","https:\/\/x.com\/utgdigitalmedia","https:\/\/www.instagram.com\/utgdigitalmedia\/","https:\/\/www.linkedin.com\/company\/utg-digital-media","https:\/\/in.pinterest.com\/UTGDigitalMedia\/","https:\/\/www.youtube.com\/channel\/UCcWym9ALJv0xM7iafruxdyQ"]}]}},"_links":{"self":[{"href":"https:\/\/www.utgdm.com\/fr\/wp-json\/wp\/v2\/pages\/44936","targetHints":{"allow":["GET"]}}],"collection":[{"href":"https:\/\/www.utgdm.com\/fr\/wp-json\/wp\/v2\/pages"}],"about":[{"href":"https:\/\/www.utgdm.com\/fr\/wp-json\/wp\/v2\/types\/page"}],"author":[{"embeddable":true,"href":"https:\/\/www.utgdm.com\/fr\/wp-json\/wp\/v2\/users\/6"}],"replies":[{"embeddable":true,"href":"https:\/\/www.utgdm.com\/fr\/wp-json\/wp\/v2\/comments?post=44936"}],"version-history":[{"count":3,"href":"https:\/\/www.utgdm.com\/fr\/wp-json\/wp\/v2\/pages\/44936\/revisions"}],"predecessor-version":[{"id":44943,"href":"https:\/\/www.utgdm.com\/fr\/wp-json\/wp\/v2\/pages\/44936\/revisions\/44943"}],"wp:attachment":[{"href":"https:\/\/www.utgdm.com\/fr\/wp-json\/wp\/v2\/media?parent=44936"}],"curies":[{"name":"wp","href":"https:\/\/api.w.org\/{rel}","templated":true}]}}