{"id":84732,"date":"2025-08-04T14:15:43","date_gmt":"2025-08-04T18:15:43","guid":{"rendered":"https:\/\/www.utgdm.com\/comment-choisir-le-bon-panneau-led\/"},"modified":"2025-08-04T14:15:43","modified_gmt":"2025-08-04T18:15:43","slug":"comment-choisir-le-bon-panneau-led","status":"publish","type":"page","link":"https:\/\/www.utgdm.com\/fr\/comment-choisir-le-bon-panneau-led\/","title":{"rendered":"Comment choisir le bon panneau LED"},"content":{"rendered":"","protected":false},"excerpt":{"rendered":"","protected":false},"author":20,"featured_media":0,"parent":0,"menu_order":0,"comment_status":"closed","ping_status":"closed","template":"","meta":{"ocean_post_layout":"","ocean_both_sidebars_style":"","ocean_both_sidebars_content_width":0,"ocean_both_sidebars_sidebars_width":0,"ocean_sidebar":"0","ocean_second_sidebar":"0","ocean_disable_margins":"enable","ocean_add_body_class":"","ocean_shortcode_before_top_bar":"","ocean_shortcode_after_top_bar":"","ocean_shortcode_before_header":"","ocean_shortcode_after_header":"","ocean_has_shortcode":"","ocean_shortcode_after_title":"","ocean_shortcode_before_footer_widgets":"","ocean_shortcode_after_footer_widgets":"","ocean_shortcode_before_footer_bottom":"","ocean_shortcode_after_footer_bottom":"","ocean_display_top_bar":"default","ocean_display_header":"default","ocean_header_style":"","ocean_center_header_left_menu":"0","ocean_custom_header_template":"0","ocean_custom_logo":0,"ocean_custom_retina_logo":0,"ocean_custom_logo_max_width":0,"ocean_custom_logo_tablet_max_width":0,"ocean_custom_logo_mobile_max_width":0,"ocean_custom_logo_max_height":0,"ocean_custom_logo_tablet_max_height":0,"ocean_custom_logo_mobile_max_height":0,"ocean_header_custom_menu":"0","ocean_menu_typo_font_family":"0","ocean_menu_typo_font_subset":"","ocean_menu_typo_font_size":0,"ocean_menu_typo_font_size_tablet":0,"ocean_menu_typo_font_size_mobile":0,"ocean_menu_typo_font_size_unit":"px","ocean_menu_typo_font_weight":"","ocean_menu_typo_font_weight_tablet":"","ocean_menu_typo_font_weight_mobile":"","ocean_menu_typo_transform":"","ocean_menu_typo_transform_tablet":"","ocean_menu_typo_transform_mobile":"","ocean_menu_typo_line_height":0,"ocean_menu_typo_line_height_tablet":0,"ocean_menu_typo_line_height_mobile":0,"ocean_menu_typo_line_height_unit":"","ocean_menu_typo_spacing":0,"ocean_menu_typo_spacing_tablet":0,"ocean_menu_typo_spacing_mobile":0,"ocean_menu_typo_spacing_unit":"","ocean_menu_link_color":"","ocean_menu_link_color_hover":"","ocean_menu_link_color_active":"","ocean_menu_link_background":"","ocean_menu_link_hover_background":"","ocean_menu_link_active_background":"","ocean_menu_social_links_bg":"","ocean_menu_social_hover_links_bg":"","ocean_menu_social_links_color":"","ocean_menu_social_hover_links_color":"","ocean_disable_title":"default","ocean_disable_heading":"default","ocean_post_title":"","ocean_post_subheading":"","ocean_post_title_style":"","ocean_post_title_background_color":"","ocean_post_title_background":0,"ocean_post_title_bg_image_position":"","ocean_post_title_bg_image_attachment":"","ocean_post_title_bg_image_repeat":"","ocean_post_title_bg_image_size":"","ocean_post_title_height":0,"ocean_post_title_bg_overlay":0.5,"ocean_post_title_bg_overlay_color":"","ocean_disable_breadcrumbs":"default","ocean_breadcrumbs_color":"","ocean_breadcrumbs_separator_color":"","ocean_breadcrumbs_links_color":"","ocean_breadcrumbs_links_hover_color":"","ocean_display_footer_widgets":"default","ocean_display_footer_bottom":"default","ocean_custom_footer_template":"0","ofc_meta_disable_footer_callout":"","ofc_meta_callout_button_url":"","ofc_meta_callout_button_txt":"","ofc_meta_callout_text":"","ofc_enable_fullscreen":"disable","ofc_fullscreen_speed":0,"ofc_fullscreen_nav":"enable","ofc_fullscreen_nav_pos":"right","ofc_fullscreen_nav_color":"","ofc_fullscreen_nav_tooltip_color":"","ofc_fullscreen_responsive":0,"footnotes":""},"class_list":["post-84732","page","type-page","status-publish","hentry","entry","owp-thumbs-layout-horizontal","owp-btn-normal","owp-tabs-layout-horizontal","has-no-thumbnails","circle-sale"],"yoast_head":"<!-- This site is optimized with the Yoast SEO Premium plugin v25.6 (Yoast SEO v27.4) - https:\/\/yoast.com\/product\/yoast-seo-premium-wordpress\/ -->\n<title>Comment choisir le bon panneau LED - UTG Digital Media<\/title>\n<meta name=\"description\" content=\"UTG Digital Media Choisir le bon \u00e9cran LED pour vos besoins uniques peut \u00eatre un bon investissement. Comprendre les principes de base peut vous \u00eatre d&#039;un grand secours.\" \/>\n<meta name=\"robots\" content=\"index, follow, max-snippet:-1, max-image-preview:large, max-video-preview:-1\" \/>\n<link rel=\"canonical\" href=\"https:\/\/www.utgdm.com\/fr\/comment-choisir-le-bon-panneau-led\/\" \/>\n<meta property=\"og:locale\" content=\"fr_FR\" \/>\n<meta property=\"og:type\" content=\"article\" \/>\n<meta property=\"og:title\" content=\"Comment choisir le bon panneau LED\" \/>\n<meta property=\"og:url\" content=\"https:\/\/www.utgdm.com\/fr\/comment-choisir-le-bon-panneau-led\/\" \/>\n<meta property=\"og:site_name\" content=\"UTG Digital Media\" \/>\n<meta property=\"article:publisher\" content=\"https:\/\/www.facebook.com\/UTGDigitalMedia\/\" \/>\n<meta property=\"og:image\" content=\"https:\/\/www.utgdm.com\/wp-content\/uploads\/2017\/11\/Frequently-Asked-Questions-About-UTG-Digital-Media-Signage-1.jpg\" \/>\n\t<meta property=\"og:image:width\" content=\"1200\" \/>\n\t<meta property=\"og:image:height\" content=\"358\" \/>\n\t<meta property=\"og:image:type\" content=\"image\/jpeg\" \/>\n<meta name=\"twitter:card\" content=\"summary_large_image\" \/>\n<meta name=\"twitter:site\" content=\"@utgdigitalmedia\" \/>\n<script type=\"application\/ld+json\" class=\"yoast-schema-graph\">{\"@context\":\"https:\\\/\\\/schema.org\",\"@graph\":[{\"@type\":\"WebPage\",\"@id\":\"https:\\\/\\\/www.utgdm.com\\\/fr\\\/comment-choisir-le-bon-panneau-led\\\/\",\"url\":\"https:\\\/\\\/www.utgdm.com\\\/fr\\\/comment-choisir-le-bon-panneau-led\\\/\",\"name\":\"Comment choisir le bon panneau LED - UTG Digital Media\",\"isPartOf\":{\"@id\":\"https:\\\/\\\/www.utgdm.com\\\/#website\"},\"datePublished\":\"2025-08-04T18:15:43+00:00\",\"description\":\"UTG Digital Media Choisir le bon \u00e9cran LED pour vos besoins uniques peut \u00eatre un bon investissement. Comprendre les principes de base peut vous \u00eatre d'un grand secours.\",\"breadcrumb\":{\"@id\":\"https:\\\/\\\/www.utgdm.com\\\/fr\\\/comment-choisir-le-bon-panneau-led\\\/#breadcrumb\"},\"inLanguage\":\"fr-FR\",\"potentialAction\":[{\"@type\":\"ReadAction\",\"target\":[\"https:\\\/\\\/www.utgdm.com\\\/fr\\\/comment-choisir-le-bon-panneau-led\\\/\"]}]},{\"@type\":\"BreadcrumbList\",\"@id\":\"https:\\\/\\\/www.utgdm.com\\\/fr\\\/comment-choisir-le-bon-panneau-led\\\/#breadcrumb\",\"itemListElement\":[{\"@type\":\"ListItem\",\"position\":1,\"name\":\"Home\",\"item\":\"https:\\\/\\\/www.utgdm.com\\\/fr\\\/signalisation-numerique-interieure-et-exterieure-utg-digital-media\\\/\"},{\"@type\":\"ListItem\",\"position\":2,\"name\":\"Comment choisir le bon panneau LED\"}]},{\"@type\":\"WebSite\",\"@id\":\"https:\\\/\\\/www.utgdm.com\\\/#website\",\"url\":\"https:\\\/\\\/www.utgdm.com\\\/\",\"name\":\"UTG Digital Media\",\"description\":\"Advanced Digital Signage Solutions\",\"publisher\":{\"@id\":\"https:\\\/\\\/www.utgdm.com\\\/#organization\"},\"potentialAction\":[{\"@type\":\"SearchAction\",\"target\":{\"@type\":\"EntryPoint\",\"urlTemplate\":\"https:\\\/\\\/www.utgdm.com\\\/?s={search_term_string}\"},\"query-input\":{\"@type\":\"PropertyValueSpecification\",\"valueRequired\":true,\"valueName\":\"search_term_string\"}}],\"inLanguage\":\"fr-FR\"},{\"@type\":\"Organization\",\"@id\":\"https:\\\/\\\/www.utgdm.com\\\/#organization\",\"name\":\"UTG Digital Media\",\"url\":\"https:\\\/\\\/www.utgdm.com\\\/\",\"logo\":{\"@type\":\"ImageObject\",\"inLanguage\":\"fr-FR\",\"@id\":\"https:\\\/\\\/www.utgdm.com\\\/#\\\/schema\\\/logo\\\/image\\\/\",\"url\":\"https:\\\/\\\/www.utgdm.com\\\/wp-content\\\/uploads\\\/2021\\\/09\\\/UTGDigitalMedia_Logo_2020_Black.png\",\"contentUrl\":\"https:\\\/\\\/www.utgdm.com\\\/wp-content\\\/uploads\\\/2021\\\/09\\\/UTGDigitalMedia_Logo_2020_Black.png\",\"width\":3363,\"height\":568,\"caption\":\"UTG Digital Media\"},\"image\":{\"@id\":\"https:\\\/\\\/www.utgdm.com\\\/#\\\/schema\\\/logo\\\/image\\\/\"},\"sameAs\":[\"https:\\\/\\\/www.facebook.com\\\/UTGDigitalMedia\\\/\",\"https:\\\/\\\/x.com\\\/utgdigitalmedia\",\"https:\\\/\\\/www.instagram.com\\\/utgdigitalmedia\\\/\",\"https:\\\/\\\/www.linkedin.com\\\/company\\\/utg-digital-media\",\"https:\\\/\\\/in.pinterest.com\\\/UTGDigitalMedia\\\/\",\"https:\\\/\\\/www.youtube.com\\\/channel\\\/UCcWym9ALJv0xM7iafruxdyQ\"]}]}<\/script>\n<!-- \/ Yoast SEO Premium plugin. -->","yoast_head_json":{"title":"Comment choisir le bon panneau LED - UTG Digital Media","description":"UTG Digital Media Choisir le bon \u00e9cran LED pour vos besoins uniques peut \u00eatre un bon investissement. Comprendre les principes de base peut vous \u00eatre d'un grand secours.","robots":{"index":"index","follow":"follow","max-snippet":"max-snippet:-1","max-image-preview":"max-image-preview:large","max-video-preview":"max-video-preview:-1"},"canonical":"https:\/\/www.utgdm.com\/fr\/comment-choisir-le-bon-panneau-led\/","og_locale":"fr_FR","og_type":"article","og_title":"Comment choisir le bon panneau LED","og_url":"https:\/\/www.utgdm.com\/fr\/comment-choisir-le-bon-panneau-led\/","og_site_name":"UTG Digital Media","article_publisher":"https:\/\/www.facebook.com\/UTGDigitalMedia\/","og_image":[{"width":1200,"height":358,"url":"https:\/\/www.utgdm.com\/wp-content\/uploads\/2017\/11\/Frequently-Asked-Questions-About-UTG-Digital-Media-Signage-1.jpg","type":"image\/jpeg"}],"twitter_card":"summary_large_image","twitter_site":"@utgdigitalmedia","schema":{"@context":"https:\/\/schema.org","@graph":[{"@type":"WebPage","@id":"https:\/\/www.utgdm.com\/fr\/comment-choisir-le-bon-panneau-led\/","url":"https:\/\/www.utgdm.com\/fr\/comment-choisir-le-bon-panneau-led\/","name":"Comment choisir le bon panneau LED - UTG Digital Media","isPartOf":{"@id":"https:\/\/www.utgdm.com\/#website"},"datePublished":"2025-08-04T18:15:43+00:00","description":"UTG Digital Media Choisir le bon \u00e9cran LED pour vos besoins uniques peut \u00eatre un bon investissement. Comprendre les principes de base peut vous \u00eatre d'un grand secours.","breadcrumb":{"@id":"https:\/\/www.utgdm.com\/fr\/comment-choisir-le-bon-panneau-led\/#breadcrumb"},"inLanguage":"fr-FR","potentialAction":[{"@type":"ReadAction","target":["https:\/\/www.utgdm.com\/fr\/comment-choisir-le-bon-panneau-led\/"]}]},{"@type":"BreadcrumbList","@id":"https:\/\/www.utgdm.com\/fr\/comment-choisir-le-bon-panneau-led\/#breadcrumb","itemListElement":[{"@type":"ListItem","position":1,"name":"Home","item":"https:\/\/www.utgdm.com\/fr\/signalisation-numerique-interieure-et-exterieure-utg-digital-media\/"},{"@type":"ListItem","position":2,"name":"Comment choisir le bon panneau LED"}]},{"@type":"WebSite","@id":"https:\/\/www.utgdm.com\/#website","url":"https:\/\/www.utgdm.com\/","name":"UTG Digital Media","description":"Advanced Digital Signage Solutions","publisher":{"@id":"https:\/\/www.utgdm.com\/#organization"},"potentialAction":[{"@type":"SearchAction","target":{"@type":"EntryPoint","urlTemplate":"https:\/\/www.utgdm.com\/?s={search_term_string}"},"query-input":{"@type":"PropertyValueSpecification","valueRequired":true,"valueName":"search_term_string"}}],"inLanguage":"fr-FR"},{"@type":"Organization","@id":"https:\/\/www.utgdm.com\/#organization","name":"UTG Digital Media","url":"https:\/\/www.utgdm.com\/","logo":{"@type":"ImageObject","inLanguage":"fr-FR","@id":"https:\/\/www.utgdm.com\/#\/schema\/logo\/image\/","url":"https:\/\/www.utgdm.com\/wp-content\/uploads\/2021\/09\/UTGDigitalMedia_Logo_2020_Black.png","contentUrl":"https:\/\/www.utgdm.com\/wp-content\/uploads\/2021\/09\/UTGDigitalMedia_Logo_2020_Black.png","width":3363,"height":568,"caption":"UTG Digital Media"},"image":{"@id":"https:\/\/www.utgdm.com\/#\/schema\/logo\/image\/"},"sameAs":["https:\/\/www.facebook.com\/UTGDigitalMedia\/","https:\/\/x.com\/utgdigitalmedia","https:\/\/www.instagram.com\/utgdigitalmedia\/","https:\/\/www.linkedin.com\/company\/utg-digital-media","https:\/\/in.pinterest.com\/UTGDigitalMedia\/","https:\/\/www.youtube.com\/channel\/UCcWym9ALJv0xM7iafruxdyQ"]}]}},"_links":{"self":[{"href":"https:\/\/www.utgdm.com\/fr\/wp-json\/wp\/v2\/pages\/84732","targetHints":{"allow":["GET"]}}],"collection":[{"href":"https:\/\/www.utgdm.com\/fr\/wp-json\/wp\/v2\/pages"}],"about":[{"href":"https:\/\/www.utgdm.com\/fr\/wp-json\/wp\/v2\/types\/page"}],"author":[{"embeddable":true,"href":"https:\/\/www.utgdm.com\/fr\/wp-json\/wp\/v2\/users\/20"}],"replies":[{"embeddable":true,"href":"https:\/\/www.utgdm.com\/fr\/wp-json\/wp\/v2\/comments?post=84732"}],"version-history":[{"count":0,"href":"https:\/\/www.utgdm.com\/fr\/wp-json\/wp\/v2\/pages\/84732\/revisions"}],"wp:attachment":[{"href":"https:\/\/www.utgdm.com\/fr\/wp-json\/wp\/v2\/media?parent=84732"}],"curies":[{"name":"wp","href":"https:\/\/api.w.org\/{rel}","templated":true}]}}